{"id":8803,"date":"2024-05-15T08:51:15","date_gmt":"2024-05-15T08:51:15","guid":{"rendered":"https:\/\/terramater.cl\/en\/?page_id=8803"},"modified":"2024-05-30T13:49:12","modified_gmt":"2024-05-30T13:49:12","slug":"vre-rose","status":"publish","type":"page","link":"https:\/\/terramater.cl\/en\/our-wines\/vre-rose\/","title":{"rendered":"VRE Ros\u00e9\ufffc"},"content":{"rendered":"\t\t<div data-elementor-type=\"wp-page\" data-elementor-id=\"8803\" class=\"elementor elementor-8803\" data-elementor-settings=\"[]\">\n\t\t\t<div class=\"elementor-inner\">\n\t\t\t\t<div class=\"elementor-section-wrap\">\n\t\t\t\t\t\t\t<section class=\"elementor-element elementor-element-4be9df0a elementor-section-stretched elementor-section-full_width elementor-section-height-full elementor-section-items-top elementor-section-content-middle elementor-section-height-default elementor-invisible elementor-section elementor-top-section\" data-id=\"4be9df0a\" data-element_type=\"section\" data-settings=\"{&quot;stretch_section&quot;:&quot;section-stretched&quot;,&quot;background_background&quot;:&quot;classic&quot;,&quot;animation&quot;:&quot;fadeIn&quot;}\">\n\t\t\t\t\t\t<div class=\"elementor-container elementor-column-gap-no\">\n\t\t\t\t<div class=\"elementor-row\">\n\t\t\t\t<div class=\"elementor-element elementor-element-7489d5cf elementor-column elementor-col-100 elementor-top-column\" data-id=\"7489d5cf\" data-element_type=\"column\">\n\t\t\t<div class=\"elementor-column-wrap  elementor-element-populated\">\n\t\t\t\t\t<div class=\"elementor-widget-wrap\">\n\t\t\t\t<div class=\"elementor-element elementor-element-72ab2236 elementor-hidden-desktop elementor-hidden-tablet elementor-widget elementor-widget-spacer\" data-id=\"72ab2236\" data-element_type=\"widget\" data-widget_type=\"spacer.default\">\n\t\t\t\t<div class=\"elementor-widget-container\">\n\t\t\t\t\t<div class=\"elementor-spacer\">\n\t\t\t<div class=\"elementor-spacer-inner\"><\/div>\n\t\t<\/div>\n\t\t\t\t<\/div>\n\t\t\t\t<\/div>\n\t\t\t\t\t\t<\/div>\n\t\t\t<\/div>\n\t\t<\/div>\n\t\t\t\t\t\t<\/div>\n\t\t\t<\/div>\n\t\t<\/section>\n\t\t\t\t<section class=\"elementor-element elementor-element-7f6c2f38 elementor-section-stretched elementor-section-boxed elementor-section-height-default elementor-section-height-default elementor-section elementor-top-section\" data-id=\"7f6c2f38\" data-element_type=\"section\" data-settings=\"{&quot;stretch_section&quot;:&quot;section-stretched&quot;,&quot;background_background&quot;:&quot;classic&quot;}\">\n\t\t\t\t\t\t<div class=\"elementor-container elementor-column-gap-default\">\n\t\t\t\t<div class=\"elementor-row\">\n\t\t\t\t<div class=\"elementor-element elementor-element-13a17c62 elementor-column elementor-col-100 elementor-top-column\" data-id=\"13a17c62\" data-element_type=\"column\">\n\t\t\t<div class=\"elementor-column-wrap  elementor-element-populated\">\n\t\t\t\t\t<div class=\"elementor-widget-wrap\">\n\t\t\t\t<div class=\"elementor-element elementor-element-64fd2519 animated-fast elementor-invisible elementor-widget elementor-widget-heading\" data-id=\"64fd2519\" data-element_type=\"widget\" data-settings=\"{&quot;_animation&quot;:&quot;fadeInUp&quot;}\" data-widget_type=\"heading.default\">\n\t\t\t\t<div class=\"elementor-widget-container\">\n\t\t\t<h1 class=\"elementor-heading-title elementor-size-default\">VRE Ros\u00e9<\/h1>\t\t<\/div>\n\t\t\t\t<\/div>\n\t\t\t\t\t\t<\/div>\n\t\t\t<\/div>\n\t\t<\/div>\n\t\t\t\t\t\t<\/div>\n\t\t\t<\/div>\n\t\t<\/section>\n\t\t\t\t<section class=\"elementor-element elementor-element-7e832ce elementor-section-stretched elementor-hidden-desktop elementor-hidden-tablet elementor-hidden-phone elementor-section-boxed elementor-section-height-default elementor-section-height-default elementor-section elementor-top-section\" data-id=\"7e832ce\" data-element_type=\"section\" data-settings=\"{&quot;stretch_section&quot;:&quot;section-stretched&quot;,&quot;background_background&quot;:&quot;classic&quot;}\">\n\t\t\t\t\t\t<div class=\"elementor-container elementor-column-gap-default\">\n\t\t\t\t<div class=\"elementor-row\">\n\t\t\t\t<div class=\"elementor-element elementor-element-4fe82af elementor-column elementor-col-100 elementor-top-column\" data-id=\"4fe82af\" data-element_type=\"column\">\n\t\t\t<div class=\"elementor-column-wrap  elementor-element-populated\">\n\t\t\t\t\t<div class=\"elementor-widget-wrap\">\n\t\t\t\t<div class=\"elementor-element elementor-element-fe8df71 elementor-widget elementor-widget-html\" data-id=\"fe8df71\" data-element_type=\"widget\" id=\"filtro-cepas\" data-name=\"FILTER BY VARIETY\"=\"\" data-widget_type=\"html.default\">\n\t\t\t\t<div class=\"elementor-widget-container\">\n\t\t\t<span style=\"color:transparent;font-size:0px;\">FILTRO<\/span>\t\t<\/div>\n\t\t\t\t<\/div>\n\t\t\t\t\t\t<\/div>\n\t\t\t<\/div>\n\t\t<\/div>\n\t\t\t\t\t\t<\/div>\n\t\t\t<\/div>\n\t\t<\/section>\n\t\t\t\t<section class=\"elementor-element elementor-element-7f1f2db1 elementor-section-stretched elementor-section-full_width elementor-section-content-middle elementor-section-height-default elementor-section-height-default elementor-section elementor-top-section\" data-id=\"7f1f2db1\" data-element_type=\"section\" id=\"rose-special-edition\" data-settings=\"{&quot;stretch_section&quot;:&quot;section-stretched&quot;,&quot;background_background&quot;:&quot;classic&quot;}\">\n\t\t\t\t\t\t<div class=\"elementor-container elementor-column-gap-default\">\n\t\t\t\t<div class=\"elementor-row\">\n\t\t\t\t<div class=\"elementor-element elementor-element-69bad7f3 elementor-column elementor-col-50 elementor-top-column\" data-id=\"69bad7f3\" data-element_type=\"column\">\n\t\t\t<div class=\"elementor-column-wrap  elementor-element-populated\">\n\t\t\t\t\t<div class=\"elementor-widget-wrap\">\n\t\t\t\t<div class=\"elementor-element elementor-element-79a5ef0 elementor-hidden-phone elementor-widget elementor-widget-html\" data-id=\"79a5ef0\" data-element_type=\"widget\" data-widget_type=\"html.default\">\n\t\t\t\t<div class=\"elementor-widget-container\">\n\t\t\t<figure class=\"zoom\" onmousemove=\"zoom(event)\" style=\"background-image: url(\/en\/wp-content\/uploads\/2022\/07\/rose_zoom-2-1.png)\">\n  <img class=\"bannerVinos\" src=\"\/en\/wp-content\/uploads\/2022\/03\/rose_zoom01.png\" \/>\n<\/figure>\t\t<\/div>\n\t\t\t\t<\/div>\n\t\t\t\t<div class=\"elementor-element elementor-element-cfba10e animated-slow elementor-hidden-desktop elementor-hidden-tablet elementor-invisible elementor-widget elementor-widget-image\" data-id=\"cfba10e\" data-element_type=\"widget\" data-settings=\"{&quot;_animation&quot;:&quot;fadeIn&quot;,&quot;_animation_delay&quot;:300}\" data-widget_type=\"image.default\">\n\t\t\t\t<div class=\"elementor-widget-container\">\n\t\t\t\t\t<div class=\"elementor-image\">\n\t\t\t\t\t\t\t\t\t\t\t<a href=\"https:\/\/terramater.cl\/en\/wp-content\/uploads\/2022\/03\/rose_zoom01.png\" data-elementor-open-lightbox=\"yes\" data-elementor-lightbox-title=\"Ros\u00e9 Special Edition Zinfandel\">\n\t\t\t\t\t\t\t<img width=\"768\" height=\"962\" src=\"https:\/\/terramater.cl\/en\/wp-content\/uploads\/2022\/03\/rose_zoom01-768x962.png\" class=\"attachment-medium_large size-medium_large\" alt=\"\" loading=\"lazy\" srcset=\"https:\/\/terramater.cl\/en\/wp-content\/uploads\/2022\/03\/rose_zoom01-768x962.png 768w, https:\/\/terramater.cl\/en\/wp-content\/uploads\/2022\/03\/rose_zoom01-239x300.png 239w, https:\/\/terramater.cl\/en\/wp-content\/uploads\/2022\/03\/rose_zoom01-817x1024.png 817w, https:\/\/terramater.cl\/en\/wp-content\/uploads\/2022\/03\/rose_zoom01.png 1067w\" sizes=\"(max-width: 768px) 100vw, 768px\" \/>\t\t\t\t\t\t\t\t<\/a>\n\t\t\t\t\t\t\t\t\t\t\t<\/div>\n\t\t\t\t<\/div>\n\t\t\t\t<\/div>\n\t\t\t\t\t\t<\/div>\n\t\t\t<\/div>\n\t\t<\/div>\n\t\t\t\t<div class=\"elementor-element elementor-element-5a3af338 columna-Texto elementor-column elementor-col-50 elementor-top-column\" data-id=\"5a3af338\" data-element_type=\"column\">\n\t\t\t<div class=\"elementor-column-wrap  elementor-element-populated\">\n\t\t\t\t\t<div class=\"elementor-widget-wrap\">\n\t\t\t\t<div class=\"elementor-element elementor-element-47a473ea animated-slow elementor-invisible elementor-widget elementor-widget-text-editor\" data-id=\"47a473ea\" data-element_type=\"widget\" data-settings=\"{&quot;_animation&quot;:&quot;fadeInUp&quot;,&quot;_animation_delay&quot;:200}\" data-widget_type=\"text-editor.default\">\n\t\t\t\t<div class=\"elementor-widget-container\">\n\t\t\t\t\t<div class=\"elementor-text-editor elementor-clearfix\"><p class=\"miga-pan\"><a style=\"color: #747474;\" href=\"\/en\/our-wines\">Wines<\/a> \u00a0 &gt; \u00a0 <a style=\"color: #747474;\" href=\"\/en\/our-wines\/#specialties\">Specialties<\/a>\u00a0 \u00a0&gt; \u00a0 <a style=\"color: #747474;\" href=\"https:\/\/terramater.cl\/en\/our-wines\/vre-rose\">VRE Ros\u00e9<\/a><\/p><\/div>\n\t\t\t\t<\/div>\n\t\t\t\t<\/div>\n\t\t\t\t<div class=\"elementor-element elementor-element-25b5cea2 animated-slow elementor-invisible elementor-widget elementor-widget-heading\" data-id=\"25b5cea2\" data-element_type=\"widget\" data-settings=\"{&quot;_animation&quot;:&quot;fadeInUp&quot;,&quot;_animation_delay&quot;:200}\" data-widget_type=\"heading.default\">\n\t\t\t\t<div class=\"elementor-widget-container\">\n\t\t\t<h2 class=\"elementor-heading-title elementor-size-default\">VRE Ros\u00e9<\/h2>\t\t<\/div>\n\t\t\t\t<\/div>\n\t\t\t\t<div class=\"elementor-element elementor-element-5ddc932b animated-slow parr02 elementor-invisible elementor-widget elementor-widget-text-editor\" data-id=\"5ddc932b\" data-element_type=\"widget\" data-settings=\"{&quot;_animation&quot;:&quot;fadeInUp&quot;,&quot;_animation_delay&quot;:200}\" data-widget_type=\"text-editor.default\">\n\t\t\t\t<div class=\"elementor-widget-container\">\n\t\t\t\t\t<div class=\"elementor-text-editor elementor-clearfix\"><em style=\"font-weight: 400!important;\">Zinfandel<\/em><\/div>\n\t\t\t\t<\/div>\n\t\t\t\t<\/div>\n\t\t\t\t<div class=\"elementor-element elementor-element-616b77ec animated-slow parr01 elementor-invisible elementor-widget elementor-widget-text-editor\" data-id=\"616b77ec\" data-element_type=\"widget\" data-settings=\"{&quot;_animation&quot;:&quot;fadeInUp&quot;,&quot;_animation_delay&quot;:0}\" data-widget_type=\"text-editor.default\">\n\t\t\t\t<div class=\"elementor-widget-container\">\n\t\t\t\t\t<div class=\"elementor-text-editor elementor-clearfix\">We created this Ros\u00e9 Special Edition in honor to our Italian roots and tradition that allows us to achieve the maximum expression of our terroir in the Maipo Valley with the Zinfandel variety, brought to Chile by the founding family of TerraMater. Let&#8217;s enjoy life with our Ros\u00e9 and good company!<\/div>\n\t\t\t\t<\/div>\n\t\t\t\t<\/div>\n\t\t\t\t<div class=\"elementor-element elementor-element-e5b28f8 elementor-grid-4 elementor-grid-mobile-3 animated-slow elementor-grid-tablet-2 elementor-invisible elementor-widget elementor-widget-pp-logo-grid\" data-id=\"e5b28f8\" data-element_type=\"widget\" data-settings=\"{&quot;columns&quot;:&quot;4&quot;,&quot;columns_mobile&quot;:&quot;3&quot;,&quot;_animation&quot;:&quot;fadeInUp&quot;,&quot;columns_tablet&quot;:&quot;2&quot;}\" data-widget_type=\"pp-logo-grid.default\">\n\t\t\t\t<div class=\"elementor-widget-container\">\n\t\t\t        <div class=\"pp-logo-grid pp-elementor-grid clearfix\">\n                                    <div class=\"pp-grid-item-wrap elementor-repeater-item-a0e8bf2\">\n                            <div class=\"pp-grid-item\">\n                                <img src=\"https:\/\/terramater.cl\/en\/wp-content\/uploads\/2021\/10\/91-la-CAV.png\" alt=\"91 la CAV\" \/>                            <\/div>\n                                                    <\/div>\n                                <\/div>\n    \t\t<\/div>\n\t\t\t\t<\/div>\n\t\t\t\t<div class=\"elementor-element elementor-element-cfd583e pp-buttons-valign-top pp-buttons-halign-mobile-center animated-slow pp-buttons-halign-left pp-buttons-stack-none elementor-invisible elementor-widget elementor-widget-pp-buttons\" data-id=\"cfd583e\" data-element_type=\"widget\" data-settings=\"{&quot;_animation&quot;:&quot;fadeInUp&quot;,&quot;_animation_delay&quot;:300}\" data-widget_type=\"pp-buttons.default\">\n\t\t\t\t<div class=\"elementor-widget-container\">\n\t\t\t        <div class=\"pp-buttons-group\">\n                                            <a href=\"\/en\/wp-content\/uploads\/2022\/09\/ROSE-SPECIAL-EDITION-INGLES.pdf\" target=\"_blank\" class=\"pp-button elementor-button elementor-size-xs elementor-repeater-item-03c076d \">\n                    <div class=\"pp-button-content-wrapper\">\n                        <span class=\"pp-button-content-inner pp-icon-before\">\n                                                            \n                                <span class=\"pp-button-title\">\n                                Technical sheet                                <\/span>\n                                                    <\/span>\n                    <\/div>\n                <\/a>\n                    <\/div>\n    \t\t<\/div>\n\t\t\t\t<\/div>\n\t\t\t\t\t\t<\/div>\n\t\t\t<\/div>\n\t\t<\/div>\n\t\t\t\t\t\t<\/div>\n\t\t\t<\/div>\n\t\t<\/section>\n\t\t\t\t\t\t<\/div>\n\t\t\t<\/div>\n\t\t<\/div>\n\t\t","protected":false},"excerpt":{"rendered":"<p>VRE Ros\u00e9 FILTRO Wines \u00a0 &gt; \u00a0 Specialties\u00a0 \u00a0&gt; \u00a0 VRE Ros\u00e9 VRE Ros\u00e9 ZinfandelWe created this Ros\u00e9 Special Edition in honor to our Italian roots and tradition that allows us to achieve the maximum expression of our terroir in the Maipo Valley with the Zinfandel variety, brought to Chile by the founding family of [&hellip;]<\/p>\n","protected":false},"author":9,"featured_media":0,"parent":820,"menu_order":0,"comment_status":"closed","ping_status":"closed","template":"elementor_header_footer","meta":{"inline_featured_image":false},"yoast_head":"<!-- This site is optimized with the Yoast SEO plugin v19.9 - https:\/\/yoast.com\/wordpress\/plugins\/seo\/ -->\n<title>VRE Ros\u00e9\ufffc - TerraMater<\/title>\n<meta name=\"description\" content=\"in honor to our Italian roots and tradition that allows us to achieve the maximum expression of our terroir in the Maipo Valley.\" \/>\n<meta name=\"robots\" content=\"index, follow, max-snippet:-1, max-image-preview:large, max-video-preview:-1\" \/>\n<link rel=\"canonical\" href=\"https:\/\/terramater.cl\/en\/our-wines\/vre-rose\/\" \/>\n<meta property=\"og:locale\" content=\"en_US\" \/>\n<meta property=\"og:type\" content=\"article\" \/>\n<meta property=\"og:title\" content=\"VRE Ros\u00e9\ufffc - TerraMater\" \/>\n<meta property=\"og:description\" content=\"in honor to our Italian roots and tradition that allows us to achieve the maximum expression of our terroir in the Maipo Valley.\" \/>\n<meta property=\"og:url\" content=\"https:\/\/terramater.cl\/en\/our-wines\/vre-rose\/\" \/>\n<meta property=\"og:site_name\" content=\"TerraMater\" \/>\n<meta property=\"article:publisher\" content=\"https:\/\/www.facebook.com\/TerramaterWines\/\" \/>\n<meta property=\"article:modified_time\" content=\"2024-05-30T13:49:12+00:00\" \/>\n<meta property=\"og:image\" content=\"https:\/\/terramater.cl\/en\/wp-content\/uploads\/2022\/03\/rose_zoom01-768x962.png\" \/>\n<meta name=\"twitter:card\" content=\"summary_large_image\" \/>\n<meta name=\"twitter:label1\" content=\"Est. reading time\" \/>\n\t<meta name=\"twitter:data1\" content=\"1 minute\" \/>\n<script type=\"application\/ld+json\" class=\"yoast-schema-graph\">{\"@context\":\"https:\/\/schema.org\",\"@graph\":[{\"@type\":\"WebPage\",\"@id\":\"https:\/\/terramater.cl\/en\/our-wines\/vre-rose\/\",\"url\":\"https:\/\/terramater.cl\/en\/our-wines\/vre-rose\/\",\"name\":\"VRE Ros\u00e9\ufffc - TerraMater\",\"isPartOf\":{\"@id\":\"https:\/\/terramater.cl\/en\/#website\"},\"datePublished\":\"2024-05-15T08:51:15+00:00\",\"dateModified\":\"2024-05-30T13:49:12+00:00\",\"description\":\"in honor to our Italian roots and tradition that allows us to achieve the maximum expression of our terroir in the Maipo Valley.\",\"breadcrumb\":{\"@id\":\"https:\/\/terramater.cl\/en\/our-wines\/vre-rose\/#breadcrumb\"},\"inLanguage\":\"en-US\",\"potentialAction\":[{\"@type\":\"ReadAction\",\"target\":[\"https:\/\/terramater.cl\/en\/our-wines\/vre-rose\/\"]}]},{\"@type\":\"BreadcrumbList\",\"@id\":\"https:\/\/terramater.cl\/en\/our-wines\/vre-rose\/#breadcrumb\",\"itemListElement\":[{\"@type\":\"ListItem\",\"position\":1,\"name\":\"Home\",\"item\":\"https:\/\/terramater.cl\/en\/\"},{\"@type\":\"ListItem\",\"position\":2,\"name\":\"Our wines\",\"item\":\"https:\/\/terramater.cl\/en\/our-wines\/\"},{\"@type\":\"ListItem\",\"position\":3,\"name\":\"VRE Ros\u00e9\ufffc\"}]},{\"@type\":\"WebSite\",\"@id\":\"https:\/\/terramater.cl\/en\/#website\",\"url\":\"https:\/\/terramater.cl\/en\/\",\"name\":\"TerraMater\",\"description\":\"Vinos de calidad - Chile\",\"publisher\":{\"@id\":\"https:\/\/terramater.cl\/en\/#organization\"},\"potentialAction\":[{\"@type\":\"SearchAction\",\"target\":{\"@type\":\"EntryPoint\",\"urlTemplate\":\"https:\/\/terramater.cl\/en\/?s={search_term_string}\"},\"query-input\":\"required name=search_term_string\"}],\"inLanguage\":\"en-US\"},{\"@type\":\"Organization\",\"@id\":\"https:\/\/terramater.cl\/en\/#organization\",\"name\":\"TerraMater\",\"url\":\"https:\/\/terramater.cl\/en\/\",\"logo\":{\"@type\":\"ImageObject\",\"inLanguage\":\"en-US\",\"@id\":\"https:\/\/terramater.cl\/en\/#\/schema\/logo\/image\/\",\"url\":\"https:\/\/terramater.cl\/en\/wp-content\/uploads\/2022\/03\/Terramater_sombra.png\",\"contentUrl\":\"https:\/\/terramater.cl\/en\/wp-content\/uploads\/2022\/03\/Terramater_sombra.png\",\"width\":542,\"height\":170,\"caption\":\"TerraMater\"},\"image\":{\"@id\":\"https:\/\/terramater.cl\/en\/#\/schema\/logo\/image\/\"},\"sameAs\":[\"https:\/\/www.instagram.com\/terramaterwines\/\",\"https:\/\/www.facebook.com\/TerramaterWines\/\"]}]}<\/script>\n<!-- \/ Yoast SEO plugin. -->","yoast_head_json":{"title":"VRE Ros\u00e9\ufffc - TerraMater","description":"in honor to our Italian roots and tradition that allows us to achieve the maximum expression of our terroir in the Maipo Valley.","robots":{"index":"index","follow":"follow","max-snippet":"max-snippet:-1","max-image-preview":"max-image-preview:large","max-video-preview":"max-video-preview:-1"},"canonical":"https:\/\/terramater.cl\/en\/our-wines\/vre-rose\/","og_locale":"en_US","og_type":"article","og_title":"VRE Ros\u00e9\ufffc - TerraMater","og_description":"in honor to our Italian roots and tradition that allows us to achieve the maximum expression of our terroir in the Maipo Valley.","og_url":"https:\/\/terramater.cl\/en\/our-wines\/vre-rose\/","og_site_name":"TerraMater","article_publisher":"https:\/\/www.facebook.com\/TerramaterWines\/","article_modified_time":"2024-05-30T13:49:12+00:00","og_image":[{"url":"https:\/\/terramater.cl\/en\/wp-content\/uploads\/2022\/03\/rose_zoom01-768x962.png"}],"twitter_card":"summary_large_image","twitter_misc":{"Est. reading time":"1 minute"},"schema":{"@context":"https:\/\/schema.org","@graph":[{"@type":"WebPage","@id":"https:\/\/terramater.cl\/en\/our-wines\/vre-rose\/","url":"https:\/\/terramater.cl\/en\/our-wines\/vre-rose\/","name":"VRE Ros\u00e9\ufffc - TerraMater","isPartOf":{"@id":"https:\/\/terramater.cl\/en\/#website"},"datePublished":"2024-05-15T08:51:15+00:00","dateModified":"2024-05-30T13:49:12+00:00","description":"in honor to our Italian roots and tradition that allows us to achieve the maximum expression of our terroir in the Maipo Valley.","breadcrumb":{"@id":"https:\/\/terramater.cl\/en\/our-wines\/vre-rose\/#breadcrumb"},"inLanguage":"en-US","potentialAction":[{"@type":"ReadAction","target":["https:\/\/terramater.cl\/en\/our-wines\/vre-rose\/"]}]},{"@type":"BreadcrumbList","@id":"https:\/\/terramater.cl\/en\/our-wines\/vre-rose\/#breadcrumb","itemListElement":[{"@type":"ListItem","position":1,"name":"Home","item":"https:\/\/terramater.cl\/en\/"},{"@type":"ListItem","position":2,"name":"Our wines","item":"https:\/\/terramater.cl\/en\/our-wines\/"},{"@type":"ListItem","position":3,"name":"VRE Ros\u00e9\ufffc"}]},{"@type":"WebSite","@id":"https:\/\/terramater.cl\/en\/#website","url":"https:\/\/terramater.cl\/en\/","name":"TerraMater","description":"Vinos de calidad - Chile","publisher":{"@id":"https:\/\/terramater.cl\/en\/#organization"},"potentialAction":[{"@type":"SearchAction","target":{"@type":"EntryPoint","urlTemplate":"https:\/\/terramater.cl\/en\/?s={search_term_string}"},"query-input":"required name=search_term_string"}],"inLanguage":"en-US"},{"@type":"Organization","@id":"https:\/\/terramater.cl\/en\/#organization","name":"TerraMater","url":"https:\/\/terramater.cl\/en\/","logo":{"@type":"ImageObject","inLanguage":"en-US","@id":"https:\/\/terramater.cl\/en\/#\/schema\/logo\/image\/","url":"https:\/\/terramater.cl\/en\/wp-content\/uploads\/2022\/03\/Terramater_sombra.png","contentUrl":"https:\/\/terramater.cl\/en\/wp-content\/uploads\/2022\/03\/Terramater_sombra.png","width":542,"height":170,"caption":"TerraMater"},"image":{"@id":"https:\/\/terramater.cl\/en\/#\/schema\/logo\/image\/"},"sameAs":["https:\/\/www.instagram.com\/terramaterwines\/","https:\/\/www.facebook.com\/TerramaterWines\/"]}]}},"_links":{"self":[{"href":"https:\/\/terramater.cl\/en\/wp-json\/wp\/v2\/pages\/8803"}],"collection":[{"href":"https:\/\/terramater.cl\/en\/wp-json\/wp\/v2\/pages"}],"about":[{"href":"https:\/\/terramater.cl\/en\/wp-json\/wp\/v2\/types\/page"}],"author":[{"embeddable":true,"href":"https:\/\/terramater.cl\/en\/wp-json\/wp\/v2\/users\/9"}],"replies":[{"embeddable":true,"href":"https:\/\/terramater.cl\/en\/wp-json\/wp\/v2\/comments?post=8803"}],"version-history":[{"count":2,"href":"https:\/\/terramater.cl\/en\/wp-json\/wp\/v2\/pages\/8803\/revisions"}],"predecessor-version":[{"id":8806,"href":"https:\/\/terramater.cl\/en\/wp-json\/wp\/v2\/pages\/8803\/revisions\/8806"}],"up":[{"embeddable":true,"href":"https:\/\/terramater.cl\/en\/wp-json\/wp\/v2\/pages\/820"}],"wp:attachment":[{"href":"https:\/\/terramater.cl\/en\/wp-json\/wp\/v2\/media?parent=8803"}],"curies":[{"name":"wp","href":"https:\/\/api.w.org\/{rel}","templated":true}]}}